{"id":12329,"date":"2025-03-06T12:23:37","date_gmt":"2025-03-06T11:23:37","guid":{"rendered":"https:\/\/www.velcrotex.ch\/?post_type=product&#038;p=12329"},"modified":"2025-03-06T12:26:24","modified_gmt":"2025-03-06T11:26:24","slug":"band-selbstklebend-extra-duenn-hth-830-velcro-30-mm","status":"publish","type":"product","link":"https:\/\/www.velcrotex.ch\/de\/produit\/band-selbstklebend-extra-duenn-hth-830-velcro-30-mm\/","title":{"rendered":"Band selbstklebend extra d\u00fcnn HTH 830 VELCRO\u00ae 30 mm"},"content":{"rendered":"<p>Das VELCRO\u00ae ULTRA-MATE\u00ae Klebeband ist ein extrudiertes Industrieklebeband aus Polypropylen mit Mikrohaken. In Kombination mit Samtb\u00e4ndern schafft es eine sehr gute Verbindung, die wenig Volumen beansprucht. Es kann \u00fcberall dort eingesetzt werden, wo andere selbstklebende Klebeb\u00e4nder verwendet werden. Der R\u00fcckenklebstoff (mit Schutzfolie) ist der Heissschmelzklebstoff PS 30 und ist f\u00fcr die meisten Anwendungen geeignet wie Holz, Metall, Glas usw. und eignet sich insbesondere zum Verkleben von Polyolefinen, wie z.B. Polyethylen und Polypropylen.<br \/>\n<!-- Premi\u00e8re colonne : Utilisation --><\/p>\n<div style=\"flex: 1; min-width: 400px; max-width: 50%; margin: 10px;\">\n<h3><strong>Anwendugen:<\/strong><\/h3>\n<ul>\n<li style=\"list-style-type: none;\">\n<ul>\n<li>Medizinische Ein- und Mehrweg-Anwendungen<\/li>\n<li>Babywindeln, Damen- und Erwachsenenpflege<\/li>\n<li>Schuhe und Aussenbekleidung, milit\u00e4rische Uniformen und Zubeh\u00f6r<\/li>\n<li>M\u00f6belbez\u00fcge<\/li>\n<li>Hartverpackungen, Geschenkpackungen, Schreibwaren<\/li>\n<li>Schleifpads f\u00fcr Poliermaschinen<\/li>\n<li>Befestigung von Teppichen, Paneelen, D\u00e4chern, Aussenanwendungen<\/li>\n<li>Befestigungen im Autoinneren<\/li>\n<\/ul>\n<\/li>\n<\/ul>\n<\/div>\n","protected":false},"excerpt":{"rendered":"<p data-start=\"0\" data-end=\"26\"><strong data-start=\"0\" data-end=\"24\">Produktbeschreibung:<\/strong><\/p>\n<p data-start=\"28\" data-end=\"103\">VELCRO\u00ae Extra feines Band mit Kunststoffhaken f\u00fcr verschiedene Anwendungen.<\/p>\n<p data-start=\"105\" data-end=\"122\"><strong data-start=\"105\" data-end=\"120\">Verpackung:<\/strong><\/p>\n<p data-start=\"124\" data-end=\"216\">Standard: auf Rollen zu 25 Metern.<br data-start=\"158\" data-end=\"161\" \/>Spezial: mindestens 5 Meter, in Schritten von 5 Metern.<\/p>\n<p data-start=\"218\" data-end=\"235\"><strong data-start=\"218\" data-end=\"233\">Bestellung:<\/strong><\/p>\n<p data-start=\"237\" data-end=\"332\">Alle Bestellungen unter CHF 30.- werden mit CHF 5.- f\u00fcr Verwaltungskosten zus\u00e4tzlich berechnet.<\/p>\n<p data-start=\"334\" data-end=\"451\" data-is-last-node=\"\">Um einen vollst\u00e4ndigen Velcro-Verschluss zu erhalten, denken Sie daran, beide Teile (Schlaufen + Haken) zu bestellen.<\/p>\n<table class=\"sticky-enabled tableheader-processed sticky-table\">\n<thead>\n<tr>\n<th>Anzahl (m)<\/th>\n<th>1 &#8211; 199<\/th>\n<th>200 &#8211; 399<\/th>\n<th>400 &#8211; 999<\/th>\n<th>1000 &#8211; Unbegrenzt<\/th>\n<\/tr>\n<\/thead>\n<tbody>\n<tr class=\"odd\">\n<td>Preis<\/td>\n<td>2.20 CHF<\/td>\n<td>2.09 CHF<\/td>\n<td>1.98 CHF<\/td>\n<td>1.93 CHF<\/td>\n<\/tr>\n<\/tbody>\n<\/table>\n","protected":false},"featured_media":1219,"comment_status":"closed","ping_status":"closed","template":"","meta":{"_acf_changed":false,"_monsterinsights_skip_tracking":false,"_monsterinsights_sitenote_active":false,"_monsterinsights_sitenote_note":"","_monsterinsights_sitenote_category":0},"product_brand":[],"product_cat":[567,556],"product_tag":[],"class_list":{"0":"post-12329","1":"product","2":"type-product","3":"status-publish","4":"has-post-thumbnail","6":"product_cat-plastisches-der-marke-velcro","7":"product_cat-selbstklebend-der-marke-velcro","9":"first","10":"instock","11":"taxable","12":"shipping-taxable","13":"purchasable","14":"product-type-variable"},"acf":[],"_links":{"self":[{"href":"https:\/\/www.velcrotex.ch\/de\/wp-json\/wp\/v2\/product\/12329","targetHints":{"allow":["GET"]}}],"collection":[{"href":"https:\/\/www.velcrotex.ch\/de\/wp-json\/wp\/v2\/product"}],"about":[{"href":"https:\/\/www.velcrotex.ch\/de\/wp-json\/wp\/v2\/types\/product"}],"replies":[{"embeddable":true,"href":"https:\/\/www.velcrotex.ch\/de\/wp-json\/wp\/v2\/comments?post=12329"}],"wp:featuredmedia":[{"embeddable":true,"href":"https:\/\/www.velcrotex.ch\/de\/wp-json\/wp\/v2\/media\/1219"}],"wp:attachment":[{"href":"https:\/\/www.velcrotex.ch\/de\/wp-json\/wp\/v2\/media?parent=12329"}],"wp:term":[{"taxonomy":"product_brand","embeddable":true,"href":"https:\/\/www.velcrotex.ch\/de\/wp-json\/wp\/v2\/product_brand?post=12329"},{"taxonomy":"product_cat","embeddable":true,"href":"https:\/\/www.velcrotex.ch\/de\/wp-json\/wp\/v2\/product_cat?post=12329"},{"taxonomy":"product_tag","embeddable":true,"href":"https:\/\/www.velcrotex.ch\/de\/wp-json\/wp\/v2\/product_tag?post=12329"}],"curies":[{"name":"wp","href":"https:\/\/api.w.org\/{rel}","templated":true}]}}