{"id":11801,"date":"2025-02-06T15:27:22","date_gmt":"2025-02-06T14:27:22","guid":{"rendered":"https:\/\/www.velcrotex.ch\/?post_type=product&#038;p=11801"},"modified":"2025-02-20T14:05:53","modified_gmt":"2025-02-20T13:05:53","slug":"normales-band-zum-naehen-der-marke-velcro-150mm","status":"publish","type":"product","link":"https:\/\/www.velcrotex.ch\/de\/produit\/normales-band-zum-naehen-der-marke-velcro-150mm\/","title":{"rendered":"Normales Band zum N\u00e4hen der Marke VELCRO\u00ae 150mm"},"content":{"rendered":"<div style=\"display: flex; flex-wrap: wrap; justify-content: space-between; gap: 10px; align-items: flex-start;\">\n<p><!-- Premi\u00e8re colonne : Utilisation --><\/p>\n<div style=\"flex: 1; min-width: 300px; max-width: 30%; margin: 10px;\">\n<h3><strong>F\u00fcr welchen Zweck ?<\/strong><\/h3>\n<ul>\n<li>Luftfahrt<\/li>\n<li>Sportartikel<\/li>\n<li>Medizin f\u00fcr Menschen<\/li>\n<li>Medizin f\u00fcr Tiere<\/li>\n<li>N\u00e4hen<\/li>\n<li>Moderne Lederwaren<\/li>\n<li>Schuhe<\/li>\n<li>Kleidung<\/li>\n<li>Fahrzeuge, Tuning, usw<\/li>\n<\/ul>\n<\/div>\n<p><!-- Deuxi\u00e8me colonne : Qualit\u00e9s --><\/p>\n<div style=\"flex: 1; min-width: 300px; max-width: 30%; margin: 10px;\">\n<h3><strong>Seine wesentlichen Qualit\u00e4ten :<\/strong><\/h3>\n<ul>\n<li>Langlebigkeit<\/li>\n<li>Leichtigkeit<\/li>\n<li>Entgleisen und Klemmen unm\u00f6glich<\/li>\n<li>Rostfrei<\/li>\n<\/ul>\n<p>Der Zusammenhalt der beiden B\u00e4nder ergibt <strong>eine richtige Einstellung des Verschlusses nach Belieben.<\/strong><\/p>\n<\/div>\n<p><!-- Troisi\u00e8me colonne : Image --><\/p>\n<div style=\"flex: 1; min-width: 300px; max-width: 30%; margin: 10px; text-align: center;\"><img fetchpriority=\"high\" decoding=\"async\" style=\"max-width: 100%; height: auto;\" src=\"https:\/\/www.velcrotex.ch\/wp-content\/uploads\/2025\/02\/velcro-description2.jpg\" alt=\"Velcro Description\" width=\"300\" height=\"196\" \/><\/div>\n<\/div>\n","protected":false},"excerpt":{"rendered":"<h3>Produktinfo :<\/h3>\n<p>Standard Streifen-Klettband zum Aufn\u00e4hen<\/p>\n<h3>Verpackung :<\/h3>\n<p>Standard : in Rollen von 25 Meter.<\/p>\n<p>Spezial : minimal 5 Meter und pro 5 Meter.<\/p>\n<h3>Kasse :<\/h3>\n<p>Jede Bestellung unter CHF 30.- wird mit CHF 5.- erh\u00f6ht wegen Verwaltungskosten<\/p>\n<p><strong>Wenn Sie den vollst\u00e4ndigen Klettverschluss w\u00fcnschen, m\u00fcssen Sie beide Teile bestellen (Hacken+Flausch)<\/strong><\/p>\n<table class=\"sticky-enabled tableheader-processed sticky-table\">\n<thead>\n<tr>\n<th>Anzahl (m)<\/th>\n<th>1 \u2013 199<\/th>\n<th>200 \u2013 399<\/th>\n<th>400 \u2013 999<\/th>\n<th>1000 \u2013 Unbegrenzt<\/th>\n<\/tr>\n<\/thead>\n<tbody>\n<tr class=\"odd\">\n<td>Preis<\/td>\n<td>6.80 CHF<\/td>\n<td>6.45 CHF<\/td>\n<td>6.10 CHF<\/td>\n<td>5.95 CHF<\/td>\n<\/tr>\n<\/tbody>\n<\/table>\n","protected":false},"featured_media":442,"comment_status":"closed","ping_status":"closed","template":"","meta":{"_acf_changed":false,"_monsterinsights_skip_tracking":false,"_monsterinsights_sitenote_active":false,"_monsterinsights_sitenote_note":"","_monsterinsights_sitenote_category":0},"product_brand":[],"product_cat":[539],"product_tag":[],"class_list":{"0":"post-11801","1":"product","2":"type-product","3":"status-publish","4":"has-post-thumbnail","6":"product_cat-normales-band-zum-naehen-der-marke-velcro","8":"first","9":"instock","10":"taxable","11":"shipping-taxable","12":"purchasable","13":"product-type-variable"},"acf":[],"_links":{"self":[{"href":"https:\/\/www.velcrotex.ch\/de\/wp-json\/wp\/v2\/product\/11801","targetHints":{"allow":["GET"]}}],"collection":[{"href":"https:\/\/www.velcrotex.ch\/de\/wp-json\/wp\/v2\/product"}],"about":[{"href":"https:\/\/www.velcrotex.ch\/de\/wp-json\/wp\/v2\/types\/product"}],"replies":[{"embeddable":true,"href":"https:\/\/www.velcrotex.ch\/de\/wp-json\/wp\/v2\/comments?post=11801"}],"wp:featuredmedia":[{"embeddable":true,"href":"https:\/\/www.velcrotex.ch\/de\/wp-json\/wp\/v2\/media\/442"}],"wp:attachment":[{"href":"https:\/\/www.velcrotex.ch\/de\/wp-json\/wp\/v2\/media?parent=11801"}],"wp:term":[{"taxonomy":"product_brand","embeddable":true,"href":"https:\/\/www.velcrotex.ch\/de\/wp-json\/wp\/v2\/product_brand?post=11801"},{"taxonomy":"product_cat","embeddable":true,"href":"https:\/\/www.velcrotex.ch\/de\/wp-json\/wp\/v2\/product_cat?post=11801"},{"taxonomy":"product_tag","embeddable":true,"href":"https:\/\/www.velcrotex.ch\/de\/wp-json\/wp\/v2\/product_tag?post=11801"}],"curies":[{"name":"wp","href":"https:\/\/api.w.org\/{rel}","templated":true}]}}