{"id":1034,"date":"2018-01-03T11:17:42","date_gmt":"2018-01-03T10:17:42","guid":{"rendered":"https:\/\/dev.velcrotex.ch\/produit\/nicht-entflammbar-der-marke-velcro-20-mm\/"},"modified":"2025-02-21T13:08:41","modified_gmt":"2025-02-21T12:08:41","slug":"nicht-entflammbar-der-marke-velcro-20-mm","status":"publish","type":"product","link":"https:\/\/www.velcrotex.ch\/de\/produit\/nicht-entflammbar-der-marke-velcro-20-mm\/","title":{"rendered":"Nicht entflammbar der Marke VELCRO\u00ae 20 mm"},"content":{"rendered":"<p>Das velcro Flammschutzmittel bestehend aus Polyurethan und Polyamid ist nicht entflammbar und wurde dehalb speziell f\u00fcr feuergef\u00e4hrdete Umgebungen entwickelt. Es eignet sich f\u00fcr Orte, die den Brandschutznormen entsprechen, wie Kinos, Theater, Kasinos, Hotels, sowie f\u00fcr Bereiche wie Automatisierung, Polizei, Feuerwehr, Rettungsteams usw.<\/p>\n<div style=\"display: flex; flex-wrap: wrap; justify-content: space-between; gap: 10px; align-items: flex-start;\">\n<p><!-- Premi\u00e8re colonne : Utilisation --><\/p>\n<div style=\"flex: 1; min-width: 300px; max-width: 30%; margin: 10px;\">\n<h3><strong>F\u00fcr welchen Zweck ?<\/strong><\/h3>\n<ul>\n<li>Luftfahrt<\/li>\n<li>Sportartikel<\/li>\n<li>Medizin f\u00fcr Menschen<\/li>\n<li>Medizin f\u00fcr Tiere<\/li>\n<li>N\u00e4hen<\/li>\n<li>Moderne Lederwaren<\/li>\n<li>Schuhe<\/li>\n<li>Kleidung<\/li>\n<li>Fahrzeuge, Tuning, usw<\/li>\n<\/ul>\n<\/div>\n<p><!-- Deuxi\u00e8me colonne : Qualit\u00e9s --><\/p>\n<div style=\"flex: 1; min-width: 300px; max-width: 30%; margin: 10px;\">\n<h3><strong>Seine wesentlichen Qualit\u00e4ten :<\/strong><\/h3>\n<ul>\n<li>Langlebigkeit<\/li>\n<li>Leichtigkeit<\/li>\n<li>Entgleisen und Klemmen unm\u00f6glich<\/li>\n<li>Rostfrei<\/li>\n<\/ul>\n<p>Der Zusammenhalt der beiden B\u00e4nder ergibt <strong>eine richtige Einstellung des Verschlusses nach Belieben.<\/strong><\/p>\n<\/div>\n<p><!-- Troisi\u00e8me colonne : Image --><\/p>\n<div style=\"flex: 1; min-width: 300px; max-width: 30%; margin: 10px; text-align: center;\"><img fetchpriority=\"high\" decoding=\"async\" style=\"max-width: 100%; height: auto;\" src=\"https:\/\/www.velcrotex.ch\/wp-content\/uploads\/2025\/02\/velcro-description2.jpg\" alt=\"Velcro Description\" width=\"300\" height=\"196\" \/><\/div>\n<\/div>\n","protected":false},"excerpt":{"rendered":"<div class=\"c-product-short-desc\">\n<div class=\"field field-name-field-details field-type-text-long field-label-hidden\">\n<h3>Produktinfo :<\/h3>\n<p>Standard Klettband, das nur schwer entflammbar ist<\/p>\n<h3>Farbe :<\/h3>\n<p>16 Schwarz.<\/p>\n<h3>Verpackung :<\/h3>\n<p>Standard : in Rollen von 25 Meter.<\/p>\n<p>Spezial : minimal 5 Meter und pro 5 Meter.<\/p>\n<h3>Kasse :<\/h3>\n<p>Jede Bestellung unter CHF 30.- wird mit CHF 5.- erh\u00f6ht wegen Verwaltungskosten<\/p>\n<p><strong>Wenn Sie den vollst\u00e4ndigen Klettverschluss w\u00fcnschen, m\u00fcssen Sie beide Teile bestellen (Hacken+Flausch)<\/strong><\/p>\n<\/div>\n<\/div>\n<div class=\"commerce-product-field commerce-product-field-field-price-table field-field-price-table node-305-product-field-price-table\">\n<div class=\"field field-name-field-price-table field-type-commerce-price-table field-label-hidden\">\n<table class=\"sticky-enabled tableheader-processed sticky-table\">\n<thead>\n<tr>\n<th>Anzahl (m)<\/th>\n<th>1 &#8211; 199<\/th>\n<th>200 &#8211; 399<\/th>\n<th>400 &#8211; 999<\/th>\n<th>1000 &#8211; Unbegrenzt<\/th>\n<\/tr>\n<\/thead>\n<tbody>\n<tr class=\"odd\">\n<td>Preis<\/td>\n<td>1.80\u00a0CHF<\/td>\n<td>1.71\u00a0CHF<\/td>\n<td>1.62\u00a0CHF<\/td>\n<td>1.58\u00a0CHF<\/td>\n<\/tr>\n<\/tbody>\n<\/table>\n<\/div>\n<\/div>\n","protected":false},"featured_media":442,"comment_status":"closed","ping_status":"closed","template":"","meta":{"_acf_changed":false,"_monsterinsights_skip_tracking":false,"_monsterinsights_sitenote_active":false,"_monsterinsights_sitenote_note":"","_monsterinsights_sitenote_category":0},"product_brand":[],"product_cat":[566],"product_tag":[],"class_list":{"0":"post-1034","1":"product","2":"type-product","3":"status-publish","4":"has-post-thumbnail","6":"product_cat-nicht-entflammbar-der-marke-velcro","8":"first","9":"instock","10":"taxable","11":"shipping-taxable","12":"purchasable","13":"product-type-variable"},"acf":[],"_links":{"self":[{"href":"https:\/\/www.velcrotex.ch\/de\/wp-json\/wp\/v2\/product\/1034","targetHints":{"allow":["GET"]}}],"collection":[{"href":"https:\/\/www.velcrotex.ch\/de\/wp-json\/wp\/v2\/product"}],"about":[{"href":"https:\/\/www.velcrotex.ch\/de\/wp-json\/wp\/v2\/types\/product"}],"replies":[{"embeddable":true,"href":"https:\/\/www.velcrotex.ch\/de\/wp-json\/wp\/v2\/comments?post=1034"}],"wp:featuredmedia":[{"embeddable":true,"href":"https:\/\/www.velcrotex.ch\/de\/wp-json\/wp\/v2\/media\/442"}],"wp:attachment":[{"href":"https:\/\/www.velcrotex.ch\/de\/wp-json\/wp\/v2\/media?parent=1034"}],"wp:term":[{"taxonomy":"product_brand","embeddable":true,"href":"https:\/\/www.velcrotex.ch\/de\/wp-json\/wp\/v2\/product_brand?post=1034"},{"taxonomy":"product_cat","embeddable":true,"href":"https:\/\/www.velcrotex.ch\/de\/wp-json\/wp\/v2\/product_cat?post=1034"},{"taxonomy":"product_tag","embeddable":true,"href":"https:\/\/www.velcrotex.ch\/de\/wp-json\/wp\/v2\/product_tag?post=1034"}],"curies":[{"name":"wp","href":"https:\/\/api.w.org\/{rel}","templated":true}]}}