{"id":5586,"date":"2025-01-08T03:26:30","date_gmt":"2025-01-08T02:26:30","guid":{"rendered":"https:\/\/www.velcrotex.ch\/politique-de-confidentialite\/"},"modified":"2025-02-20T13:53:48","modified_gmt":"2025-02-20T12:53:48","slug":"datenschutzrichtlinie","status":"publish","type":"page","link":"https:\/\/www.velcrotex.ch\/de\/datenschutzrichtlinie\/","title":{"rendered":"Datenschutzrichtlinie"},"content":{"rendered":"\t\t<div data-elementor-type=\"wp-page\" data-elementor-id=\"5586\" class=\"elementor elementor-5586 elementor-4794\" data-elementor-post-type=\"page\">\n\t\t\t\t<div class=\"elementor-element elementor-element-6be9c18 e-flex e-con-boxed e-con e-parent\" data-id=\"6be9c18\" data-element_type=\"container\" data-e-type=\"container\">\n\t\t\t\t\t<div class=\"e-con-inner\">\n\t\t\t\t<div class=\"elementor-element elementor-element-2b6a51c elementor-widget elementor-widget-text-editor\" data-id=\"2b6a51c\" data-element_type=\"widget\" data-e-type=\"widget\" data-widget_type=\"text-editor.default\">\n\t\t\t\t<div class=\"elementor-widget-container\">\n\t\t\t\t\t\t\t\t\t<h1>Politique de la Protection de la Vie Priv\u00e9e<\/h1>\nCette Politique de protection de la vie priv\u00e9e s\u2019applique au site web http:\/\/www.velcrotex.ch. Le Site Web a \u00e9t\u00e9 \u00e9tabli pour garder le public et les visiteurs (ci-apr\u00e8s les \u00ab Visiteurs \u00bb ou \u00ab vous \u00bb) inform\u00e9s des produits Velcrotex. Notre site e-commerce collecte vos donn\u00e9es \u00e0 caract\u00e8re personnel lors de votre inscription ou de votre connexion. La pr\u00e9sente politique de protection de la vie priv\u00e9e d\u00e9taille les types d\u2019informations collect\u00e9es, les finalit\u00e9s de la collecte, tout partage \u00e9ventuel de ces donn\u00e9es avec des tiers, vos droits en tant que personne concern\u00e9e et les mesures prises pour prot\u00e9ger vos donn\u00e9es \u00e0 caract\u00e8re personnel. Veuillez noter que cette politique s\u2019applique aux donn\u00e9es \u00e0 caract\u00e8re personnel collect\u00e9es par des cookies.\n<h2>1. Collecte de l\u2019information :<\/h2>\nNous recueillons des informations lorsque vous vous inscrivez sur notre site, lorsque vous vous connectez \u00e0 votre compte, faites un achat, participez \u00e0 un concours, et \/ ou lorsque vous vous d\u00e9connectez. Les informations recueillies incluent votre nom, votre adresse e-mail, num\u00e9ro de t\u00e9l\u00e9phone, et \/ ou carte de cr\u00e9dit. En outre, nous recevons et enregistrons automatiquement des informations \u00e0 partir de votre ordinateur et navigateur, y compris votre adresse IP, vos logiciels et votre mat\u00e9riel, et la page que vous demandez.\n\n<h2>2. Utilisation des informations :<\/h2>\nToutes les informations que nous recueillons aupr\u00e8s de vous peuvent \u00eatre utilis\u00e9es pour : personnaliser votre exp\u00e9rience et r\u00e9pondre \u00e0 vos besoins individuels fournir un contenu publicitaire personnalis\u00e9 am\u00e9liorer notre site Web am\u00e9liorer le service client et vos besoins de prise en charge vous contacter par e-mail administrer un concours, une promotion, ou une enqu\u00eate\n\n<h2>3. Confidentialit\u00e9 du commerce en ligne :<\/h2>\nNous sommes les seuls propri\u00e9taires des informations recueillies sur ce site. Vos informations personnelles ne seront ni vendues, ni \u00e9chang\u00e9es, ni transf\u00e9r\u00e9es, ou donn\u00e9es \u00e0 une autre soci\u00e9t\u00e9, sans votre consentement, en dehors de ce qui est n\u00e9cessaire pour r\u00e9pondre \u00e0 une demande et \/ ou une transaction, comme par exemple pour exp\u00e9dier une commande.\n\n<h2>4. Divulgation \u00e0 des tiers :<\/h2>\nNous ne vendons, n\u2019\u00e9changeons et ne transf\u00e9rons pas vos informations personnelles identifiables \u00e0 des tiers. Cela ne comprend pas les tierces parties de confiance qui nous aident \u00e0 exploiter notre site Web ou \u00e0 mener nos affaires, tant que ces parties conviennent de garder ces informations confidentielles. Nous pensons qu\u2019il est n\u00e9cessaire de partager des informations afin d\u2019enqu\u00eater, de pr\u00e9venir ou de prendre des mesures concernant des activit\u00e9s ill\u00e9gales, fraudes pr\u00e9sum\u00e9es, situations impliquant des menaces potentielles \u00e0 la s\u00e9curit\u00e9 physique de toute personne, violations de nos conditions d\u2019utilisation, ou quand la loi nous y contraint. Les informations non-priv\u00e9es, cependant, peuvent \u00eatre fournies \u00e0 d\u2019autres parties pour le marketing, la publicit\u00e9, ou d\u2019autres utilisations.\n\n<h2>5. Protection des informations :<\/h2>\nNous mettons en \u0153uvre une vari\u00e9t\u00e9 de mesures de s\u00e9curit\u00e9 pour pr\u00e9server la s\u00e9curit\u00e9 de vos informations personnelles. Nous utilisons un cryptage \u00e0 la pointe de la technologie pour prot\u00e9ger les informations sensibles transmises en ligne. Nous prot\u00e9geons \u00e9galement vos informations hors ligne. Seuls les employ\u00e9s qui ont besoin d\u2019effectuer un travail sp\u00e9cifique (par exemple, la facturation ou le service \u00e0 la client\u00e8le) ont acc\u00e8s aux informations personnelles identifiables. Les ordinateurs et serveurs utilis\u00e9s pour stocker des informations personnelles identifiables sont conserv\u00e9s dans un environnement s\u00e9curis\u00e9. Est-ce que nous utilisons des cookies ? Oui. Nos cookies am\u00e9liorent l\u2019acc\u00e8s \u00e0 notre site et identifient les visiteurs r\u00e9guliers. En outre, nos cookies am\u00e9liorent l\u2019exp\u00e9rience d\u2019utilisateur gr\u00e2ce au suivi et au ciblage de ses int\u00e9r\u00eats. Cependant, cette utilisation des cookies n\u2019est en aucune fa\u00e7on li\u00e9e \u00e0 des informations personnelles identifiables sur notre site.\n\n<h2>6. Se d\u00e9sabonner :<\/h2>\nNous utilisons l\u2019adresse e-mail que vous fournissez pour vous envoyer des informations et mises \u00e0 jour relatives \u00e0 votre commande, des nouvelles de l\u2019entreprise de fa\u00e7on occasionnelle, des informations sur des produits li\u00e9s, etc. Si \u00e0 n\u2019importe quel moment vous souhaitez vous d\u00e9sinscrire et ne plus recevoir d\u2019e-mails, des instructions de d\u00e9sabonnement d\u00e9taill\u00e9es sont incluses en bas de chaque e-mail.\n\n<h2>7. Consentement :<\/h2>\nEn utilisant notre site, vous consentez \u00e0 notre politique de confidentialit\u00e9.\t\t\t\t\t\t\t\t<\/div>\n\t\t\t\t<\/div>\n\t\t\t\t\t<\/div>\n\t\t\t\t<\/div>\n\t\t\t\t<\/div>\n\t\t","protected":false},"excerpt":{"rendered":"<p>Politique de la Protection de la Vie Priv\u00e9e Cette Politique de protection de la vie priv\u00e9e s\u2019applique au site web http:\/\/www.velcrotex.ch. Le Site Web a \u00e9t\u00e9 \u00e9tabli pour garder le public et les visiteurs (ci-apr\u00e8s les \u00ab Visiteurs \u00bb ou \u00ab vous \u00bb) inform\u00e9s des produits Velcrotex. Notre site e-commerce collecte vos donn\u00e9es \u00e0 caract\u00e8re [&hellip;]<\/p>\n","protected":false},"author":2562,"featured_media":0,"parent":0,"menu_order":0,"comment_status":"closed","ping_status":"closed","template":"","meta":{"_acf_changed":false,"_monsterinsights_skip_tracking":false,"_monsterinsights_sitenote_active":false,"_monsterinsights_sitenote_note":"","_monsterinsights_sitenote_category":0,"footnotes":""},"class_list":["post-5586","page","type-page","status-publish","hentry"],"acf":[],"_links":{"self":[{"href":"https:\/\/www.velcrotex.ch\/de\/wp-json\/wp\/v2\/pages\/5586","targetHints":{"allow":["GET"]}}],"collection":[{"href":"https:\/\/www.velcrotex.ch\/de\/wp-json\/wp\/v2\/pages"}],"about":[{"href":"https:\/\/www.velcrotex.ch\/de\/wp-json\/wp\/v2\/types\/page"}],"author":[{"embeddable":true,"href":"https:\/\/www.velcrotex.ch\/de\/wp-json\/wp\/v2\/users\/2562"}],"replies":[{"embeddable":true,"href":"https:\/\/www.velcrotex.ch\/de\/wp-json\/wp\/v2\/comments?post=5586"}],"version-history":[{"count":5,"href":"https:\/\/www.velcrotex.ch\/de\/wp-json\/wp\/v2\/pages\/5586\/revisions"}],"predecessor-version":[{"id":12168,"href":"https:\/\/www.velcrotex.ch\/de\/wp-json\/wp\/v2\/pages\/5586\/revisions\/12168"}],"wp:attachment":[{"href":"https:\/\/www.velcrotex.ch\/de\/wp-json\/wp\/v2\/media?parent=5586"}],"curies":[{"name":"wp","href":"https:\/\/api.w.org\/{rel}","templated":true}]}}